{"id":16,"date":"2023-11-06T07:35:32","date_gmt":"2023-11-06T07:35:32","guid":{"rendered":"https:\/\/uhreinv.no\/?page_id=16"},"modified":"2024-06-03T07:35:10","modified_gmt":"2024-06-03T07:35:10","slug":"arctic-dreamcat","status":"publish","type":"page","link":"https:\/\/uhreinv.no\/de\/arctic-dreamcat\/","title":{"rendered":"Arctic DreamCat Maine Coon Zucht"},"content":{"rendered":"<div data-elementor-type=\"wp-page\" data-elementor-id=\"16\" class=\"elementor elementor-16\" data-elementor-post-type=\"page\">\n\t\t\t\t<div class=\"elementor-element elementor-element-7708d345 e-con-full e-flex e-con e-parent\" data-id=\"7708d345\" data-element_type=\"container\">\n\t\t<div class=\"elementor-element elementor-element-65c16768 e-con-full e-flex e-con e-child\" data-id=\"65c16768\" data-element_type=\"container\">\n\t\t\t\t<div class=\"elementor-element elementor-element-965582b elementor-widget elementor-widget-heading\" data-id=\"965582b\" data-element_type=\"widget\" data-widget_type=\"heading.default\">\n\t\t\t\t<div class=\"elementor-widget-container\">\n\t\t\t<style>\/*! elementor - v3.21.0 - 26-05-2024 *\/\n.elementor-heading-title{padding:0;margin:0;line-height:1}.elementor-widget-heading .elementor-heading-title[class*=elementor-size-]>a{color:inherit;font-size:inherit;line-height:inherit}.elementor-widget-heading .elementor-heading-title.elementor-size-small{font-size:15px}.elementor-widget-heading .elementor-heading-title.elementor-size-medium{font-size:19px}.elementor-widget-heading .elementor-heading-title.elementor-size-large{font-size:29px}.elementor-widget-heading .elementor-heading-title.elementor-size-xl{font-size:39px}.elementor-widget-heading .elementor-heading-title.elementor-size-xxl{font-size:59px}<\/style><h2 class=\"elementor-heading-title elementor-size-default\">Gez\u00fcchtete<\/h2>\t\t<\/div>\n\t\t\t\t<\/div>\n\t\t\t\t<div class=\"elementor-element elementor-element-75ee4493 elementor-widget elementor-widget-text-editor\" data-id=\"75ee4493\" data-element_type=\"widget\" data-widget_type=\"text-editor.default\">\n\t\t\t\t<div class=\"elementor-widget-container\">\n\t\t\t<style>\/*! elementor - v3.21.0 - 26-05-2024 *\/\n.elementor-widget-text-editor.elementor-drop-cap-view-stacked .elementor-drop-cap{background-color:#69727d;color:#fff}.elementor-widget-text-editor.elementor-drop-cap-view-framed .elementor-drop-cap{color:#69727d;border:3px solid;background-color:transparent}.elementor-widget-text-editor:not(.elementor-drop-cap-view-default) .elementor-drop-cap{margin-top:8px}.elementor-widget-text-editor:not(.elementor-drop-cap-view-default) .elementor-drop-cap-letter{width:1em;height:1em}.elementor-widget-text-editor .elementor-drop-cap{float:left;text-align:center;line-height:1;font-size:50px}.elementor-widget-text-editor .elementor-drop-cap-letter{display:inline-block}<\/style>\t\t\t\t<p>NO*Arctic Dreamcat ist eine kleine Maine Coon Farm mit Sitz in Vester\u00e5len, Nordland. Der Zuchtname NO*Arctic Dreamcat wurde am 27.09.2022 im NRR genehmigt, aber wir begannen zun\u00e4chst mit dem Zuchtnamen NO*Sortlandskatten am 26.02.2021, bevor wir zu einem internationaleren Namen wechselten.\u00a0\u00a0<\/p><p>Die Zucht wurde mit der Rasse Maine Coon begonnen, wobei Gesundheit und Temperament im Vordergrund standen. Unser erster Wurf erblickte am 17. M\u00e4rz 2022 das Licht der Welt, wir haben ein bis zwei W\u00fcrfe pro Jahr. Die ersten 14 Wochen verbringen die K\u00e4tzchen bei uns im Haus als Teil der Familie. Sie sind gut sozialisiert mit uns Menschen, Besuchern und unseren anderen Katzen.<\/p><p>In unserem Haus leben zwei Erwachsene und vier Kinder im Alter von 10 bis 18 Jahren, so dass es keinen Mangel an Aufmerksamkeit und Kuscheln gibt!\u00a0\u00a0\u00a0\u00a0\u00a0\u00a0\u00a0\u00a0\u00a0\u00a0\u00a0\u00a0\u00a0\u00a0\u00a0\u00a0\u00a0\u00a0\u00a0\u00a0\u00a0\u00a0\u00a0\u00a0\u00a0\u00a0\u00a0\u00a0\u00a0\u00a0\u00a0\u00a0\u00a0\u00a0\u00a0\u00a0\u00a0\u00a0\u00a0\u00a0\u00a0\u00a0\u00a0\u00a0\u00a0\u00a0\u00a0\u00a0\u00a0\u00a0\u00a0\u00a0\u00a0\u00a0\u00a0\u00a0\u00a0\u00a0\u00a0\u00a0\u00a0\u00a0\u00a0\u00a0\u00a0\u00a0\u00a0\u00a0\u00a0\u00a0\u00a0\u00a0\u00a0\u00a0\u00a0\u00a0\u00a0\u00a0\u00a0\u00a0\u00a0\u00a0\u00a0\u00a0\u00a0<\/p>\t\t\t\t\t\t<\/div>\n\t\t\t\t<\/div>\n\t\t\t\t<div class=\"elementor-element elementor-element-bcbe6ba elementor-widget elementor-widget-heading\" data-id=\"bcbe6ba\" data-element_type=\"widget\" data-widget_type=\"heading.default\">\n\t\t\t\t<div class=\"elementor-widget-container\">\n\t\t\t<h3 class=\"elementor-heading-title elementor-size-default\">Wir haben 5 H\u00fcndinnen und 2 R\u00fcden in unserem Zuchtprogramm:<\/h3>\t\t<\/div>\n\t\t\t\t<\/div>\n\t\t\t\t<div class=\"elementor-element elementor-element-52985a4 elementor-widget elementor-widget-text-editor\" data-id=\"52985a4\" data-element_type=\"widget\" data-widget_type=\"text-editor.default\">\n\t\t\t\t<div class=\"elementor-widget-container\">\n\t\t\t\t\t\t\t<ul><li>DK Lovin'You4ever K\u00f6nig Artus<\/li><li>(N) Ladeketten Quicksilver<\/li><li>NO*Schwarzlandkatze Bianca<\/li><li>(N) Ximena von Nordic Lynx<\/li><li>Leise Ayca vor Afelio ((NO)<\/li><li>NO*Lady Sansas K\u00f6nigin ((NO<\/li><li>NO*Arctic Dreamcats Coco Chanel aus Ayca<\/li><\/ul><p>\u00a0<\/p><p>Wir sind aktiv im \u00f6rtlichen Verein, H\u00e5logalandkatten, und stellen unsere Katzen so oft wie m\u00f6glich aus. Hanne sitzt im Vorstand des Vereins.<\/p>\t\t\t\t\t\t<\/div>\n\t\t\t\t<\/div>\n\t\t\t\t<div class=\"elementor-element elementor-element-067cd10 elementor-widget elementor-widget-button\" data-id=\"067cd10\" data-element_type=\"widget\" data-widget_type=\"button.default\">\n\t\t\t\t<div class=\"elementor-widget-container\">\n\t\t\t\t\t<div class=\"elementor-button-wrapper\">\n\t\t\t<a class=\"elementor-button elementor-button-link elementor-size-sm\" href=\"#kontakt\">\n\t\t\t\t\t\t<span class=\"elementor-button-content-wrapper\">\n\t\t\t\t\t\t\t\t\t<span class=\"elementor-button-text\">Kontakt <\/span>\n\t\t\t\t\t<\/span>\n\t\t\t\t\t<\/a>\n\t\t<\/div>\n\t\t\t\t<\/div>\n\t\t\t\t<\/div>\n\t\t\t\t<\/div>\n\t\t<div class=\"elementor-element elementor-element-16fe5da2 e-con-full e-flex e-con e-child\" data-id=\"16fe5da2\" data-element_type=\"container\">\n\t\t\t\t<div class=\"elementor-element elementor-element-4189d84b elementor-widget-tablet__width-initial elementor-widget elementor-widget-image\" data-id=\"4189d84b\" data-element_type=\"widget\" data-widget_type=\"image.default\">\n\t\t\t\t<div class=\"elementor-widget-container\">\n\t\t\t<style>\/*! elementor - v3.21.0 - 26-05-2024 *\/\n.elementor-widget-image{text-align:center}.elementor-widget-image a{display:inline-block}.elementor-widget-image a img[src$=\".svg\"]{width:48px}.elementor-widget-image img{vertical-align:middle;display:inline-block}<\/style>\t\t\t\t\t\t\t\t\t\t<img fetchpriority=\"high\" decoding=\"async\" width=\"768\" height=\"1024\" src=\"https:\/\/uhreinv.no\/wp-content\/uploads\/2024\/03\/IMG_2489-768x1024.jpg\" class=\"attachment-large size-large wp-image-129\" alt=\"Main Coon katt liggende p\u00e5 et sofa armlene\" srcset=\"https:\/\/uhreinv.no\/wp-content\/uploads\/2024\/03\/IMG_2489-768x1024.jpg 768w, https:\/\/uhreinv.no\/wp-content\/uploads\/2024\/03\/IMG_2489-600x800.jpg 600w, https:\/\/uhreinv.no\/wp-content\/uploads\/2024\/03\/IMG_2489-225x300.jpg 225w, https:\/\/uhreinv.no\/wp-content\/uploads\/2024\/03\/IMG_2489-1152x1536.jpg 1152w, https:\/\/uhreinv.no\/wp-content\/uploads\/2024\/03\/IMG_2489.jpg 1536w\" sizes=\"(max-width: 768px) 100vw, 768px\" \/>\t\t\t\t\t\t\t\t\t\t\t\t\t<\/div>\n\t\t\t\t<\/div>\n\t\t\t\t<\/div>\n\t\t\t\t<\/div>\n\t\t<div class=\"elementor-element elementor-element-d3922fd e-con-full e-flex e-con e-parent\" data-id=\"d3922fd\" data-element_type=\"container\">\n\t\t<div class=\"elementor-element elementor-element-ca1e486 e-con-full e-flex e-con e-child\" data-id=\"ca1e486\" data-element_type=\"container\">\n\t\t\t\t<div class=\"elementor-element elementor-element-b34da6e gallery-spacing-custom elementor-widget elementor-widget-image-gallery\" data-id=\"b34da6e\" data-element_type=\"widget\" data-widget_type=\"image-gallery.default\">\n\t\t\t\t<div class=\"elementor-widget-container\">\n\t\t\t<style>\/*! elementor - v3.21.0 - 26-05-2024 *\/\n.elementor-image-gallery .gallery-item{display:inline-block;text-align:center;vertical-align:top;width:100%;max-width:100%;margin:0 auto}.elementor-image-gallery .gallery-item img{margin:0 auto}.elementor-image-gallery .gallery-item .gallery-caption{margin:0}.elementor-image-gallery figure img{display:block}.elementor-image-gallery figure figcaption{width:100%}.gallery-spacing-custom .elementor-image-gallery .gallery-icon{padding:0}@media (min-width:768px){.elementor-image-gallery .gallery-columns-2 .gallery-item{max-width:50%}.elementor-image-gallery .gallery-columns-3 .gallery-item{max-width:33.33%}.elementor-image-gallery .gallery-columns-4 .gallery-item{max-width:25%}.elementor-image-gallery .gallery-columns-5 .gallery-item{max-width:20%}.elementor-image-gallery .gallery-columns-6 .gallery-item{max-width:16.666%}.elementor-image-gallery .gallery-columns-7 .gallery-item{max-width:14.28%}.elementor-image-gallery .gallery-columns-8 .gallery-item{max-width:12.5%}.elementor-image-gallery .gallery-columns-9 .gallery-item{max-width:11.11%}.elementor-image-gallery .gallery-columns-10 .gallery-item{max-width:10%}}@media (min-width:480px) and (max-width:767px){.elementor-image-gallery .gallery.gallery-columns-2 .gallery-item,.elementor-image-gallery .gallery.gallery-columns-3 .gallery-item,.elementor-image-gallery .gallery.gallery-columns-4 .gallery-item,.elementor-image-gallery .gallery.gallery-columns-5 .gallery-item,.elementor-image-gallery .gallery.gallery-columns-6 .gallery-item,.elementor-image-gallery .gallery.gallery-columns-7 .gallery-item,.elementor-image-gallery .gallery.gallery-columns-8 .gallery-item,.elementor-image-gallery .gallery.gallery-columns-9 .gallery-item,.elementor-image-gallery .gallery.gallery-columns-10 .gallery-item{max-width:50%}}@media (max-width:479px){.elementor-image-gallery .gallery.gallery-columns-2 .gallery-item,.elementor-image-gallery .gallery.gallery-columns-3 .gallery-item,.elementor-image-gallery .gallery.gallery-columns-4 .gallery-item,.elementor-image-gallery .gallery.gallery-columns-5 .gallery-item,.elementor-image-gallery .gallery.gallery-columns-6 .gallery-item,.elementor-image-gallery .gallery.gallery-columns-7 .gallery-item,.elementor-image-gallery .gallery.gallery-columns-8 .gallery-item,.elementor-image-gallery .gallery.gallery-columns-9 .gallery-item,.elementor-image-gallery .gallery.gallery-columns-10 .gallery-item{max-width:100%}}<\/style>\t\t<div class=\"elementor-image-gallery\">\n\t\t\t<div id='gallery-1' class='gallery galleryid-16 gallery-columns-4 gallery-size-woocommerce_thumbnail'><figure class='gallery-item'>\n\t\t\t<div class='gallery-icon portrait'>\n\t\t\t\t<a data-elementor-open-lightbox=\"yes\" data-elementor-lightbox-slideshow=\"b34da6e\" data-elementor-lightbox-title=\"Gr\u00e5 og hvit Main Coon katt\" data-e-action-hash=\"#elementor-action%3Aaction%3Dlightbox%26settings%3DeyJpZCI6MTQxLCJ1cmwiOiJodHRwczpcL1wvdWhyZWludi5ub1wvd3AtY29udGVudFwvdXBsb2Fkc1wvMjAyNFwvMDNcL0lNR18yNDg5LWN1dC5qcGciLCJzbGlkZXNob3ciOiJiMzRkYTZlIn0%3D\" href='https:\/\/uhreinv.no\/wp-content\/uploads\/2024\/03\/IMG_2489-cut.jpg'><img decoding=\"async\" width=\"300\" height=\"300\" src=\"https:\/\/uhreinv.no\/wp-content\/uploads\/2024\/03\/IMG_2489-cut-300x300.jpg\" class=\"attachment-woocommerce_thumbnail size-woocommerce_thumbnail\" alt=\"Gr\u00e5 og hvit Main Coon katt\" srcset=\"https:\/\/uhreinv.no\/wp-content\/uploads\/2024\/03\/IMG_2489-cut-300x300.jpg 300w, https:\/\/uhreinv.no\/wp-content\/uploads\/2024\/03\/IMG_2489-cut-100x100.jpg 100w, https:\/\/uhreinv.no\/wp-content\/uploads\/2024\/03\/IMG_2489-cut-150x150.jpg 150w\" sizes=\"(max-width: 300px) 100vw, 300px\" \/><\/a>\n\t\t\t<\/div><\/figure><figure class='gallery-item'>\n\t\t\t<div class='gallery-icon portrait'>\n\t\t\t\t<a data-elementor-open-lightbox=\"yes\" data-elementor-lightbox-slideshow=\"b34da6e\" data-elementor-lightbox-title=\"Hodet til en Main Coon katt\" data-e-action-hash=\"#elementor-action%3Aaction%3Dlightbox%26settings%3DeyJpZCI6MTMxLCJ1cmwiOiJodHRwczpcL1wvdWhyZWludi5ub1wvd3AtY29udGVudFwvdXBsb2Fkc1wvMjAyNFwvMDNcL0lNR183MjUwLmpwZyIsInNsaWRlc2hvdyI6ImIzNGRhNmUifQ%3D%3D\" href='https:\/\/uhreinv.no\/wp-content\/uploads\/2024\/03\/IMG_7250.jpg'><img decoding=\"async\" width=\"300\" height=\"300\" src=\"https:\/\/uhreinv.no\/wp-content\/uploads\/2024\/03\/IMG_7250-300x300.jpg\" class=\"attachment-woocommerce_thumbnail size-woocommerce_thumbnail\" alt=\"Hodet til en Main Coon katt\" srcset=\"https:\/\/uhreinv.no\/wp-content\/uploads\/2024\/03\/IMG_7250-300x300.jpg 300w, https:\/\/uhreinv.no\/wp-content\/uploads\/2024\/03\/IMG_7250-100x100.jpg 100w, https:\/\/uhreinv.no\/wp-content\/uploads\/2024\/03\/IMG_7250-150x150.jpg 150w\" sizes=\"(max-width: 300px) 100vw, 300px\" \/><\/a>\n\t\t\t<\/div><\/figure><figure class='gallery-item'>\n\t\t\t<div class='gallery-icon portrait'>\n\t\t\t\t<a data-elementor-open-lightbox=\"yes\" data-elementor-lightbox-slideshow=\"b34da6e\" data-elementor-lightbox-title=\"En Main coon katt liggende p\u00e5 et r\u00f8dt teppe\" data-e-action-hash=\"#elementor-action%3Aaction%3Dlightbox%26settings%3DeyJpZCI6MTMwLCJ1cmwiOiJodHRwczpcL1wvdWhyZWludi5ub1wvd3AtY29udGVudFwvdXBsb2Fkc1wvMjAyNFwvMDNcL0lNR180OTg5LmpwZyIsInNsaWRlc2hvdyI6ImIzNGRhNmUifQ%3D%3D\" href='https:\/\/uhreinv.no\/wp-content\/uploads\/2024\/03\/IMG_4989.jpg'><img loading=\"lazy\" decoding=\"async\" width=\"300\" height=\"300\" src=\"https:\/\/uhreinv.no\/wp-content\/uploads\/2024\/03\/IMG_4989-300x300.jpg\" class=\"attachment-woocommerce_thumbnail size-woocommerce_thumbnail\" alt=\"En Main coon katt liggende p\u00e5 et r\u00f8dt teppe\" srcset=\"https:\/\/uhreinv.no\/wp-content\/uploads\/2024\/03\/IMG_4989-300x300.jpg 300w, https:\/\/uhreinv.no\/wp-content\/uploads\/2024\/03\/IMG_4989-100x100.jpg 100w, https:\/\/uhreinv.no\/wp-content\/uploads\/2024\/03\/IMG_4989-150x150.jpg 150w\" sizes=\"(max-width: 300px) 100vw, 300px\" \/><\/a>\n\t\t\t<\/div><\/figure><figure class='gallery-item'>\n\t\t\t<div class='gallery-icon portrait'>\n\t\t\t\t<a data-elementor-open-lightbox=\"yes\" data-elementor-lightbox-slideshow=\"b34da6e\" data-elementor-lightbox-title=\"Main Coon katt liggende p\u00e5 et sofa armlene\" data-e-action-hash=\"#elementor-action%3Aaction%3Dlightbox%26settings%3DeyJpZCI6MTI5LCJ1cmwiOiJodHRwczpcL1wvdWhyZWludi5ub1wvd3AtY29udGVudFwvdXBsb2Fkc1wvMjAyNFwvMDNcL0lNR18yNDg5LmpwZyIsInNsaWRlc2hvdyI6ImIzNGRhNmUifQ%3D%3D\" href='https:\/\/uhreinv.no\/wp-content\/uploads\/2024\/03\/IMG_2489.jpg'><img loading=\"lazy\" decoding=\"async\" width=\"300\" height=\"300\" src=\"https:\/\/uhreinv.no\/wp-content\/uploads\/2024\/03\/IMG_2489-300x300.jpg\" class=\"attachment-woocommerce_thumbnail size-woocommerce_thumbnail\" alt=\"Main Coon katt liggende p\u00e5 et sofa armlene\" srcset=\"https:\/\/uhreinv.no\/wp-content\/uploads\/2024\/03\/IMG_2489-300x300.jpg 300w, https:\/\/uhreinv.no\/wp-content\/uploads\/2024\/03\/IMG_2489-100x100.jpg 100w, https:\/\/uhreinv.no\/wp-content\/uploads\/2024\/03\/IMG_2489-150x150.jpg 150w\" sizes=\"(max-width: 300px) 100vw, 300px\" \/><\/a>\n\t\t\t<\/div><\/figure><figure class='gallery-item'>\n\t\t\t<div class='gallery-icon portrait'>\n\t\t\t\t<a data-elementor-open-lightbox=\"yes\" data-elementor-lightbox-slideshow=\"b34da6e\" data-elementor-lightbox-title=\"IMG_2410\" data-e-action-hash=\"#elementor-action%3Aaction%3Dlightbox%26settings%3DeyJpZCI6MTI4LCJ1cmwiOiJodHRwczpcL1wvdWhyZWludi5ub1wvd3AtY29udGVudFwvdXBsb2Fkc1wvMjAyNFwvMDNcL0lNR18yNDEwLmpwZyIsInNsaWRlc2hvdyI6ImIzNGRhNmUifQ%3D%3D\" href='https:\/\/uhreinv.no\/wp-content\/uploads\/2024\/03\/IMG_2410.jpg'><img loading=\"lazy\" decoding=\"async\" width=\"300\" height=\"300\" src=\"https:\/\/uhreinv.no\/wp-content\/uploads\/2024\/03\/IMG_2410-300x300.jpg\" class=\"attachment-woocommerce_thumbnail size-woocommerce_thumbnail\" alt=\"Main Coon katt\" srcset=\"https:\/\/uhreinv.no\/wp-content\/uploads\/2024\/03\/IMG_2410-300x300.jpg 300w, https:\/\/uhreinv.no\/wp-content\/uploads\/2024\/03\/IMG_2410-100x100.jpg 100w, https:\/\/uhreinv.no\/wp-content\/uploads\/2024\/03\/IMG_2410-150x150.jpg 150w\" sizes=\"(max-width: 300px) 100vw, 300px\" \/><\/a>\n\t\t\t<\/div><\/figure><figure class='gallery-item'>\n\t\t\t<div class='gallery-icon portrait'>\n\t\t\t\t<a data-elementor-open-lightbox=\"yes\" data-elementor-lightbox-slideshow=\"b34da6e\" data-elementor-lightbox-title=\"To Main Coon katter, en hvit og en brungr\u00e5\" data-e-action-hash=\"#elementor-action%3Aaction%3Dlightbox%26settings%3DeyJpZCI6MTI3LCJ1cmwiOiJodHRwczpcL1wvdWhyZWludi5ub1wvd3AtY29udGVudFwvdXBsb2Fkc1wvMjAyNFwvMDNcL0lNR18yNDA5LmpwZyIsInNsaWRlc2hvdyI6ImIzNGRhNmUifQ%3D%3D\" href='https:\/\/uhreinv.no\/wp-content\/uploads\/2024\/03\/IMG_2409.jpg'><img loading=\"lazy\" decoding=\"async\" width=\"300\" height=\"300\" src=\"https:\/\/uhreinv.no\/wp-content\/uploads\/2024\/03\/IMG_2409-300x300.jpg\" class=\"attachment-woocommerce_thumbnail size-woocommerce_thumbnail\" alt=\"To Main Coon katter, en hvit og en brungr\u00e5\" srcset=\"https:\/\/uhreinv.no\/wp-content\/uploads\/2024\/03\/IMG_2409-300x300.jpg 300w, https:\/\/uhreinv.no\/wp-content\/uploads\/2024\/03\/IMG_2409-100x100.jpg 100w, https:\/\/uhreinv.no\/wp-content\/uploads\/2024\/03\/IMG_2409-150x150.jpg 150w\" sizes=\"(max-width: 300px) 100vw, 300px\" \/><\/a>\n\t\t\t<\/div><\/figure>\n\t\t<\/div>\n\t\t<\/div>\n\t\t\t\t<\/div>\n\t\t\t\t<\/div>\n\t\t\t\t<\/div>\n\t\t<div class=\"elementor-element elementor-element-2e08243 e-con-full e-flex e-con e-child\" data-id=\"2e08243\" data-element_type=\"container\">\n\t\t\t\t<div class=\"elementor-element elementor-element-fd5e110 elementor-widget elementor-widget-heading\" data-id=\"fd5e110\" data-element_type=\"widget\" data-widget_type=\"heading.default\">\n\t\t\t\t<div class=\"elementor-widget-container\">\n\t\t\t<h3 class=\"elementor-heading-title elementor-size-default\">Maine Waschb\u00e4r<\/h3>\t\t<\/div>\n\t\t\t\t<\/div>\n\t\t\t\t<div class=\"elementor-element elementor-element-454c766 elementor-widget elementor-widget-text-editor\" data-id=\"454c766\" data-element_type=\"widget\" data-widget_type=\"text-editor.default\">\n\t\t\t\t<div class=\"elementor-widget-container\">\n\t\t\t\t\t\t\t<p>Die Maine Coon ist eine reinrassige Katze amerikanischen Ursprungs. Sie ist die gr\u00f6\u00dfte Hauskatzenrasse der Welt. Die Maine Coon gilt als die erste Katzenrasse aus Amerika. Wir wissen nicht genau, wie die Rasse entstanden ist, aber es gibt mehrere Mythen \u00fcber sie. Einer der am weitesten verbreiteten stammt aus Maine und besagt, dass die Katze aus einer Kreuzung zwischen einer Katze und einem Waschb\u00e4r (daher der Name) entstanden ist, was, wie wir heute wissen, genetisch unm\u00f6glich ist.<\/p><p>Die Katze entstand wahrscheinlich durch nat\u00fcrliche Kreuzung zwischen Angorakatzen, die von Seefahrern in die H\u00e4fen von Maine gebracht wurden, englischen Katzen, die von Siedlern im 17. Jahrhundert mitgebracht wurden, skandinavischen oder russischen Katzen und kurzhaarigen amerikanischen Katzen.<\/p><p>Es gibt auch eine Geschichte, die besagt, dass die Wikinger norwegische Waldkatzen nach Amerika brachten und sie mit gro\u00dfen amerikanischen Katzen vermischten - eine Geschichte, die wir Norweger gerne nachempfinden.<\/p><p>Die Maine Coon Katze ist einfach der Beweis daf\u00fcr, dass der St\u00e4rkste und Kl\u00fcgste \u00fcberlebt. Die Maine Coon Katze ist eine Arbeiterkatze, die daf\u00fcr ausger\u00fcstet ist, sich in rauen Umgebungen durchzuschlagen. Sie ist gro\u00df und kr\u00e4ftig. In der Vergangenheit hatten viele Katzen eine zus\u00e4tzliche Zehe, den Polydaktylus. Sie werden oft als \"Luchskatzen\" bezeichnet, weil sie so sch\u00f6ne Ohrb\u00fcschel haben. Die Katze stammt urspr\u00fcnglich aus dem Bundesstaat Maine in den USA.<\/p><p>Wenn Sie eine Maine Coon Katze haben m\u00f6chten, m\u00fcssen Sie sich dar\u00fcber im Klaren sein, dass sie an allem, was Sie tun, und an allem, was passiert, teilhaben m\u00f6chte. In ihrem Verhalten sind sie Hunden sehr \u00e4hnlich. Sie lieben den Kontakt zum Menschen und f\u00fchlen sich in geschlossenen R\u00e4umen wohl. Sie kommen gut mit anderen Katzenrassen, Hunden, Kaninchen und anderen Haustieren zurecht.<\/p><p>Bevor sie Wasser trinkt, kratzt sie sich am Boden oder klopft mit der Pfote auf den Wassernapf. Man nimmt an, dass dieses Verhalten ein Instinkt aus der Zeit ist, als Katzen im kalten Nordamerika lebten. Dort mussten sie den Schnee wegkratzen und L\u00f6cher in das Eis stechen, bevor sie Wasser trinken oder Fische fangen konnten. Die Maine Coon Katze hat ein erstaunliches Temperament. Sie ist in ihrem Verhalten sehr speziell. Sie ist frech und kann manchmal geradezu frech sein.<\/p><p>Sie ist eine gro\u00dfe Katzenrasse. Ein Kater wiegt normalerweise zwischen 6-8 kg und die Weibchen wiegen 4-7 kg. Es gibt einen Unterschied zwischen Sommer- und Winterfell. Es kann auch einen Unterschied in der Qualit\u00e4t des Fells zwischen Freig\u00e4nger- und Wohnungskatzen geben. Freig\u00e4ngerkatzen haben ein dickeres und fettigeres Fell (das Fett im Fell l\u00e4sst das Wasser abperlen!). Das Fell ist oft lang (Halblanghaar), aber es gibt selten Verfilzungen im Fell. Regelm\u00e4\u00dfiges Durchb\u00fcrsten des Fells ist immer eine gute Idee, vor allem w\u00e4hrend der Mauserzeit. Auf diese Weise haben Sie nicht so viele lose Haare im Fell.<\/p>\t\t\t\t\t\t<\/div>\n\t\t\t\t<\/div>\n\t\t\t\t<\/div>\n\t\t\t\t<\/div>\n\t\t\t\t<\/div>","protected":false},"excerpt":{"rendered":"<p>NO*Arctic Dreamcat er et lite Maine Coon oppdrett som holder til i Vester\u00e5len, Nordland. Oppdrettet ble startet med  helse og gemytt som hovedfokus.<\/p>","protected":false},"author":1,"featured_media":0,"parent":0,"menu_order":0,"comment_status":"closed","ping_status":"closed","template":"","meta":{"_acf_changed":false,"om_disable_all_campaigns":false,"_monsterinsights_skip_tracking":false,"_monsterinsights_sitenote_active":false,"_monsterinsights_sitenote_note":"","_monsterinsights_sitenote_category":0,"footnotes":""},"class_list":["post-16","page","type-page","status-publish","hentry"],"acf":[],"aioseo_notices":[],"_links":{"self":[{"href":"https:\/\/uhreinv.no\/de\/wp-json\/wp\/v2\/pages\/16","targetHints":{"allow":["GET"]}}],"collection":[{"href":"https:\/\/uhreinv.no\/de\/wp-json\/wp\/v2\/pages"}],"about":[{"href":"https:\/\/uhreinv.no\/de\/wp-json\/wp\/v2\/types\/page"}],"author":[{"embeddable":true,"href":"https:\/\/uhreinv.no\/de\/wp-json\/wp\/v2\/users\/1"}],"replies":[{"embeddable":true,"href":"https:\/\/uhreinv.no\/de\/wp-json\/wp\/v2\/comments?post=16"}],"version-history":[{"count":54,"href":"https:\/\/uhreinv.no\/de\/wp-json\/wp\/v2\/pages\/16\/revisions"}],"predecessor-version":[{"id":1771,"href":"https:\/\/uhreinv.no\/de\/wp-json\/wp\/v2\/pages\/16\/revisions\/1771"}],"wp:attachment":[{"href":"https:\/\/uhreinv.no\/de\/wp-json\/wp\/v2\/media?parent=16"}],"curies":[{"name":"wp","href":"https:\/\/api.w.org\/{rel}","templated":true}]}}