{"id":3,"date":"2023-11-03T13:16:50","date_gmt":"2023-11-03T13:16:50","guid":{"rendered":"https:\/\/uhreinv.no\/?page_id=3"},"modified":"2024-06-03T07:57:28","modified_gmt":"2024-06-03T07:57:28","slug":"privacy-policy","status":"publish","type":"page","link":"https:\/\/uhreinv.no\/de\/privacy-policy\/","title":{"rendered":"Privacy Policy"},"content":{"rendered":"<div data-elementor-type=\"wp-page\" data-elementor-id=\"3\" class=\"elementor elementor-3\" data-elementor-post-type=\"page\">\n\t\t\t\t<div class=\"elementor-element elementor-element-54620bfd e-flex e-con-boxed e-con e-parent\" data-id=\"54620bfd\" data-element_type=\"container\">\n\t\t\t\t\t<div class=\"e-con-inner\">\n\t\t\t\t<div class=\"elementor-element elementor-element-3d242312 elementor-widget elementor-widget-text-editor\" data-id=\"3d242312\" data-element_type=\"widget\" data-widget_type=\"text-editor.default\">\n\t\t\t\t<div class=\"elementor-widget-container\">\n\t\t\t<style>\/*! elementor - v3.21.0 - 26-05-2024 *\/\n.elementor-widget-text-editor.elementor-drop-cap-view-stacked .elementor-drop-cap{background-color:#69727d;color:#fff}.elementor-widget-text-editor.elementor-drop-cap-view-framed .elementor-drop-cap{color:#69727d;border:3px solid;background-color:transparent}.elementor-widget-text-editor:not(.elementor-drop-cap-view-default) .elementor-drop-cap{margin-top:8px}.elementor-widget-text-editor:not(.elementor-drop-cap-view-default) .elementor-drop-cap-letter{width:1em;height:1em}.elementor-widget-text-editor .elementor-drop-cap{float:left;text-align:center;line-height:1;font-size:50px}.elementor-widget-text-editor .elementor-drop-cap-letter{display:inline-block}<\/style>\t\t\t\t<p><!-- wp:heading --><\/p>\n<p>Sist oppdatert: 03.06.24<\/p>\n<p>Uhre Invest (\u00aboss\u00bb, \u00abvi\u00bb eller \u00abv\u00e5r\u00bb) driver nettstedet uhreinv.no (\u00abtjenesten\u00bb).<\/p>\n<p>Denne siden informerer deg om v\u00e5re retningslinjer ang\u00e5ende innsamling, bruk og utlevering av personlig informasjon n\u00e5r du bruker tjenesten v\u00e5r.<\/p>\n<p>Vi vil ikke bruke eller dele informasjonen din med noen, bortsett fra som beskrevet i denne personvernpolitikken.<\/p>\n<p>Vi bruker din personlige informasjon for \u00e5 levere og forbedre tjenesten. Ved \u00e5 bruke tjenesten, samtykker du til innsamling og bruk av informasjon i samsvar med denne policyen. Med mindre annet er definert i denne personvernerkl\u00e6ringen, har vilk\u00e5r som brukes i denne personvernerkl\u00e6ringen de samme betydningene som i v\u00e5re vilk\u00e5r og betingelser, tilgjengelig p\u00e5\u00a0<\/p>\n<p><strong>Informasjonsinnsamling og bruk<\/strong><\/p>\n<p>N\u00e5r du bruker tjenesten v\u00e5r, kan vi be deg om \u00e5 gi oss personlig identifiserbar informasjon som kan brukes til \u00e5 kontakte deg eller identifisere deg. Personlig identifiserbar informasjon (\u00abPersonlig informasjon\u00bb) kan omfatte, men er ikke begrenset til:<\/p>\n<ul>\n<li>Name<\/li>\n<li>Epostadresse<\/li>\n<li>Telefonnummer<\/li>\n<li>Adresse<\/li>\n<\/ul>\n<p><strong>Logg Data<\/strong><\/p>\n<p>Vi samler inn informasjon som nettleseren din sender n\u00e5r du bes\u00f8ker tjenesten v\u00e5r (\u00abLoggdata\u00bb). Disse loggdataene kan inneholde informasjon som datamaskinens IP-adresse (nettprotokoll), nettlesertype, nettleserversjon, sidene til tjenesten du bes\u00f8ker, klokkeslettet og datoen for bes\u00f8ket, tidsbruken p\u00e5 disse sidene og annet statistikk.<\/p>\n<p><strong>Cookies<\/strong><\/p>\n<p>Informasjonskapsler er filer med liten mengde data, som kan inneholde en anonym, unik identifikator. Informasjonskapsler sendes til nettleseren din fra et nettsted og lagres p\u00e5 datamaskinens harddisk.<\/p>\n<p>Vi bruker \u00abinformasjonskapsler\u00bb for \u00e5 samle informasjon. Du kan instruere nettleseren din om \u00e5 nekte alle informasjonskapsler eller \u00e5 indikere n\u00e5r en cookie blir sendt. Imidlertid, hvis du ikke godtar informasjonskapsler, kan det hende at du ikke kan bruke noen deler av tjenesten v\u00e5r.<\/p>\n<p><strong>Tjenestetilbydere<\/strong><\/p>\n<p>Vi kan ansette tredjepartsbedrifter og enkeltpersoner for \u00e5 tilrettelegge for v\u00e5r tjeneste, for \u00e5 tilby tjenesten p\u00e5 v\u00e5re vegne, for \u00e5 utf\u00f8re tjenesterelaterte tjenester eller for \u00e5 hjelpe oss med \u00e5 analysere hvordan tjenesten v\u00e5r brukes.<\/p>\n<p>Disse tredjepartene har tilgang til din personlige informasjon bare for \u00e5 utf\u00f8re disse oppgavene p\u00e5 v\u00e5re vegne og er forpliktet til ikke \u00e5 r\u00f8pe eller bruke den til noe annet form\u00e5l.<\/p>\n<p><strong>Sikkerhet<\/strong><\/p>\n<p>Sikkerheten til din personlige informasjon er viktig for oss, men husk at ingen metode for overf\u00f8ring over Internett eller metode for elektronisk lagring er 100% sikker. Selv om vi streber etter \u00e5 bruke kommersielt akseptable midler for \u00e5 beskytte din personlige informasjon, kan vi ikke garantere dets absolutte sikkerhet.<\/p>\n<p><strong>Koblinger til andre nettsteder<\/strong><\/p>\n<p>Tjenesten v\u00e5r kan inneholde lenker til andre nettsteder som ikke drives av oss. Hvis du klikker p\u00e5 en kobling fra en tredjepart, blir du ledet til den tredjeparts nettsted. Vi anbefaler deg p\u00e5 det sterkeste \u00e5 gjennomg\u00e5 personvernreglene for alle nettsteder du bes\u00f8ker.<\/p>\n<p>Vi har ingen kontroll over og p\u00e5tar oss intet ansvar for innhold, personvernpolitikk eller praksis p\u00e5 tredjeparts nettsteder eller tjenester.<\/p>\n<p><strong>Barnas personvern<\/strong><\/p>\n<p>Tjenesten v\u00e5r adresserer ikke personer under 18 \u00e5r (\u00abBarn\u00bb).<\/p>\n<p>Vi samler ikke bevisst personlig identifiserbar informasjon fra barn under 18 \u00e5r. Hvis du er foreldre eller foresatte og du er klar over at barnet ditt har gitt oss personlig informasjon, vennligst kontakt oss. Hvis vi oppdager at et barn under 18 \u00e5r har gitt oss personlig informasjon, vil vi umiddelbart slette slik informasjon fra serverne v\u00e5re.<\/p>\n<p><strong>Overholdelse av lover<\/strong><\/p>\n<p>Vi vil r\u00f8pe din personlige informasjon der det kreves av lov eller stevning.<\/p>\n<p><strong>Endringer i denne personvernregelen<\/strong><\/p>\n<p>Vi kan oppdatere personvernreglene v\u00e5re fra tid til annen. Vi vil varsle deg om endringer ved \u00e5 legge ut den nye personvernregelen p\u00e5 denne siden.<\/p>\n<p>Du blir bedt om \u00e5 gjennomg\u00e5 denne personvernerkl\u00e6ringen med jevne mellomrom for endringer. Endringer i denne personvernerkl\u00e6ringen er effektive n\u00e5r de legges ut p\u00e5 denne siden.<\/p>\n<p><strong>Kontakt<\/strong><\/p>\n<p>Hvis du har sp\u00f8rsm\u00e5l om denne personvernregelen, kan du kontakte oss.<\/p>\n<p><!-- \/wp:paragraph --><\/p>\t\t\t\t\t\t<\/div>\n\t\t\t\t<\/div>\n\t\t\t\t\t<\/div>\n\t\t\t\t<\/div>\n\t\t\t\t<\/div>","protected":false},"excerpt":{"rendered":"<p>Sist oppdatert: 03.06.24 Uhre Invest (&laquo;oss&raquo;, &laquo;vi&raquo; eller &laquo;v\u00e5r&raquo;) driver nettstedet uhreinv.no (&laquo;tjenesten&raquo;). Denne siden informerer deg om v\u00e5re retningslinjer ang\u00e5ende innsamling, bruk og utlevering av personlig informasjon n\u00e5r du bruker tjenesten v\u00e5r. Vi vil ikke bruke eller dele informasjonen din med noen, bortsett fra som beskrevet i denne personvernpolitikken. Vi bruker din personlige informasjon [&hellip;]<\/p>","protected":false},"author":1,"featured_media":0,"parent":0,"menu_order":0,"comment_status":"closed","ping_status":"open","template":"","meta":{"_acf_changed":false,"om_disable_all_campaigns":false,"_monsterinsights_skip_tracking":false,"_monsterinsights_sitenote_active":false,"_monsterinsights_sitenote_note":"","_monsterinsights_sitenote_category":0,"footnotes":""},"class_list":["post-3","page","type-page","status-publish","hentry"],"acf":[],"aioseo_notices":[],"_links":{"self":[{"href":"https:\/\/uhreinv.no\/de\/wp-json\/wp\/v2\/pages\/3","targetHints":{"allow":["GET"]}}],"collection":[{"href":"https:\/\/uhreinv.no\/de\/wp-json\/wp\/v2\/pages"}],"about":[{"href":"https:\/\/uhreinv.no\/de\/wp-json\/wp\/v2\/types\/page"}],"author":[{"embeddable":true,"href":"https:\/\/uhreinv.no\/de\/wp-json\/wp\/v2\/users\/1"}],"replies":[{"embeddable":true,"href":"https:\/\/uhreinv.no\/de\/wp-json\/wp\/v2\/comments?post=3"}],"version-history":[{"count":15,"href":"https:\/\/uhreinv.no\/de\/wp-json\/wp\/v2\/pages\/3\/revisions"}],"predecessor-version":[{"id":1794,"href":"https:\/\/uhreinv.no\/de\/wp-json\/wp\/v2\/pages\/3\/revisions\/1794"}],"wp:attachment":[{"href":"https:\/\/uhreinv.no\/de\/wp-json\/wp\/v2\/media?parent=3"}],"curies":[{"name":"wp","href":"https:\/\/api.w.org\/{rel}","templated":true}]}}