{"id":16,"date":"2023-11-06T07:35:32","date_gmt":"2023-11-06T07:35:32","guid":{"rendered":"https:\/\/uhreinv.no\/?page_id=16"},"modified":"2024-06-03T07:35:10","modified_gmt":"2024-06-03T07:35:10","slug":"arctic-dreamcat","status":"publish","type":"page","link":"https:\/\/uhreinv.no\/en\/arctic-dreamcat\/","title":{"rendered":"Arctic DreamCat Maine Coon oppdrett"},"content":{"rendered":"<div data-elementor-type=\"wp-page\" data-elementor-id=\"16\" class=\"elementor elementor-16\" data-elementor-post-type=\"page\">\n\t\t\t\t<div class=\"elementor-element elementor-element-7708d345 e-con-full e-flex e-con e-parent\" data-id=\"7708d345\" data-element_type=\"container\">\n\t\t<div class=\"elementor-element elementor-element-65c16768 e-con-full e-flex e-con e-child\" data-id=\"65c16768\" data-element_type=\"container\">\n\t\t\t\t<div class=\"elementor-element elementor-element-965582b elementor-widget elementor-widget-heading\" data-id=\"965582b\" data-element_type=\"widget\" data-widget_type=\"heading.default\">\n\t\t\t\t<div class=\"elementor-widget-container\">\n\t\t\t<style>\/*! elementor - v3.21.0 - 26-05-2024 *\/\n.elementor-heading-title{padding:0;margin:0;line-height:1}.elementor-widget-heading .elementor-heading-title[class*=elementor-size-]>a{color:inherit;font-size:inherit;line-height:inherit}.elementor-widget-heading .elementor-heading-title.elementor-size-small{font-size:15px}.elementor-widget-heading .elementor-heading-title.elementor-size-medium{font-size:19px}.elementor-widget-heading .elementor-heading-title.elementor-size-large{font-size:29px}.elementor-widget-heading .elementor-heading-title.elementor-size-xl{font-size:39px}.elementor-widget-heading .elementor-heading-title.elementor-size-xxl{font-size:59px}<\/style><h2 class=\"elementor-heading-title elementor-size-default\">Oppdrettet<\/h2>\t\t<\/div>\n\t\t\t\t<\/div>\n\t\t\t\t<div class=\"elementor-element elementor-element-75ee4493 elementor-widget elementor-widget-text-editor\" data-id=\"75ee4493\" data-element_type=\"widget\" data-widget_type=\"text-editor.default\">\n\t\t\t\t<div class=\"elementor-widget-container\">\n\t\t\t<style>\/*! elementor - v3.21.0 - 26-05-2024 *\/\n.elementor-widget-text-editor.elementor-drop-cap-view-stacked .elementor-drop-cap{background-color:#69727d;color:#fff}.elementor-widget-text-editor.elementor-drop-cap-view-framed .elementor-drop-cap{color:#69727d;border:3px solid;background-color:transparent}.elementor-widget-text-editor:not(.elementor-drop-cap-view-default) .elementor-drop-cap{margin-top:8px}.elementor-widget-text-editor:not(.elementor-drop-cap-view-default) .elementor-drop-cap-letter{width:1em;height:1em}.elementor-widget-text-editor .elementor-drop-cap{float:left;text-align:center;line-height:1;font-size:50px}.elementor-widget-text-editor .elementor-drop-cap-letter{display:inline-block}<\/style>\t\t\t\t<p>NO*Arctic Dreamcat is a small Maine Coon farm located in Vester\u00e5len, Nordland. The pedigree name NO*Arctic Dreamcat was approved in NRR, on 27.09.2022, but we first started with the pedigree name NO*Sortlandskatten on 26.02.2021, before we switched to a more international name.\u00a0\u00a0<\/p><p>Oppdrettet ble startet med rasen Maine Coon,\u00a0med helse og gemytt som hovedfokus. V\u00e5rt f\u00f8rste kull var s\u00e5 dagens lys 17.03.2022, vi har kull en til 2 ganger i \u00e5ret. Kattungene f\u00e5r sine f\u00f8rste 14 uker i v\u00e5rt hjem som en del av familien. De blir godt sosialisert sammen med oss mennesker, bes\u00f8kende og v\u00e5re andre katter.<\/p><p>In our house, we have two adults and four children aged 10-18, so there's no shortage of attention and cuddles!\u00a0\u00a0\u00a0\u00a0\u00a0\u00a0\u00a0\u00a0\u00a0\u00a0\u00a0\u00a0\u00a0\u00a0\u00a0\u00a0\u00a0\u00a0\u00a0\u00a0\u00a0\u00a0\u00a0\u00a0\u00a0\u00a0\u00a0\u00a0\u00a0\u00a0\u00a0\u00a0\u00a0\u00a0\u00a0\u00a0\u00a0\u00a0\u00a0\u00a0\u00a0\u00a0\u00a0\u00a0\u00a0\u00a0\u00a0\u00a0\u00a0\u00a0\u00a0\u00a0\u00a0\u00a0\u00a0\u00a0\u00a0\u00a0\u00a0\u00a0\u00a0\u00a0\u00a0\u00a0\u00a0\u00a0\u00a0\u00a0\u00a0\u00a0\u00a0\u00a0\u00a0\u00a0\u00a0\u00a0\u00a0\u00a0\u00a0\u00a0\u00a0\u00a0\u00a0\u00a0\u00a0<\/p>\t\t\t\t\t\t<\/div>\n\t\t\t\t<\/div>\n\t\t\t\t<div class=\"elementor-element elementor-element-bcbe6ba elementor-widget elementor-widget-heading\" data-id=\"bcbe6ba\" data-element_type=\"widget\" data-widget_type=\"heading.default\">\n\t\t\t\t<div class=\"elementor-widget-container\">\n\t\t\t<h3 class=\"elementor-heading-title elementor-size-default\">I v\u00e5rt oppdrett har vi 5 hunnkatter og 2 hannkatter:<\/h3>\t\t<\/div>\n\t\t\t\t<\/div>\n\t\t\t\t<div class=\"elementor-element elementor-element-52985a4 elementor-widget elementor-widget-text-editor\" data-id=\"52985a4\" data-element_type=\"widget\" data-widget_type=\"text-editor.default\">\n\t\t\t\t<div class=\"elementor-widget-container\">\n\t\t\t\t\t\t\t<ul><li>DK Lovin\u2019You4ever King Arthur<\/li><li>(N) Ladejarlen Quicksilver<\/li><li>NO*Sortlandskatten Bianca<\/li><li>(N) Nordic Lynx\u2019s Ximena<\/li><li>Quiet Ayca off Afelio ((NO)<\/li><li>NO*Lady Sansa\u2019s Queen ((NO<\/li><li>NO*Arctic Dreamcat\u2019s Coco Chanel off Ayca<\/li><\/ul><p>\u00a0<\/p><p>Vi er aktive i den lokale klubben, H\u00e5logalandkatten, og vi stiller ut kattene v\u00e5re s\u00e5 ofte vi kan. Hanne sitter i styret p\u00e5 klubben.<\/p>\t\t\t\t\t\t<\/div>\n\t\t\t\t<\/div>\n\t\t\t\t<div class=\"elementor-element elementor-element-067cd10 elementor-widget elementor-widget-button\" data-id=\"067cd10\" data-element_type=\"widget\" data-widget_type=\"button.default\">\n\t\t\t\t<div class=\"elementor-widget-container\">\n\t\t\t\t\t<div class=\"elementor-button-wrapper\">\n\t\t\t<a class=\"elementor-button elementor-button-link elementor-size-sm\" href=\"#kontakt\">\n\t\t\t\t\t\t<span class=\"elementor-button-content-wrapper\">\n\t\t\t\t\t\t\t\t\t<span class=\"elementor-button-text\">Contact us <\/span>\n\t\t\t\t\t<\/span>\n\t\t\t\t\t<\/a>\n\t\t<\/div>\n\t\t\t\t<\/div>\n\t\t\t\t<\/div>\n\t\t\t\t<\/div>\n\t\t<div class=\"elementor-element elementor-element-16fe5da2 e-con-full e-flex e-con e-child\" data-id=\"16fe5da2\" data-element_type=\"container\">\n\t\t\t\t<div class=\"elementor-element elementor-element-4189d84b elementor-widget-tablet__width-initial elementor-widget elementor-widget-image\" data-id=\"4189d84b\" data-element_type=\"widget\" data-widget_type=\"image.default\">\n\t\t\t\t<div class=\"elementor-widget-container\">\n\t\t\t<style>\/*! elementor - v3.21.0 - 26-05-2024 *\/\n.elementor-widget-image{text-align:center}.elementor-widget-image a{display:inline-block}.elementor-widget-image a img[src$=\".svg\"]{width:48px}.elementor-widget-image img{vertical-align:middle;display:inline-block}<\/style>\t\t\t\t\t\t\t\t\t\t<img fetchpriority=\"high\" decoding=\"async\" width=\"768\" height=\"1024\" src=\"https:\/\/uhreinv.no\/wp-content\/uploads\/2024\/03\/IMG_2489-768x1024.jpg\" class=\"attachment-large size-large wp-image-129\" alt=\"Main Coon katt liggende p\u00e5 et sofa armlene\" srcset=\"https:\/\/uhreinv.no\/wp-content\/uploads\/2024\/03\/IMG_2489-768x1024.jpg 768w, https:\/\/uhreinv.no\/wp-content\/uploads\/2024\/03\/IMG_2489-600x800.jpg 600w, https:\/\/uhreinv.no\/wp-content\/uploads\/2024\/03\/IMG_2489-225x300.jpg 225w, https:\/\/uhreinv.no\/wp-content\/uploads\/2024\/03\/IMG_2489-1152x1536.jpg 1152w, https:\/\/uhreinv.no\/wp-content\/uploads\/2024\/03\/IMG_2489.jpg 1536w\" sizes=\"(max-width: 768px) 100vw, 768px\" \/>\t\t\t\t\t\t\t\t\t\t\t\t\t<\/div>\n\t\t\t\t<\/div>\n\t\t\t\t<\/div>\n\t\t\t\t<\/div>\n\t\t<div class=\"elementor-element elementor-element-d3922fd e-con-full e-flex e-con e-parent\" data-id=\"d3922fd\" data-element_type=\"container\">\n\t\t<div class=\"elementor-element elementor-element-ca1e486 e-con-full e-flex e-con e-child\" data-id=\"ca1e486\" data-element_type=\"container\">\n\t\t\t\t<div class=\"elementor-element elementor-element-b34da6e gallery-spacing-custom elementor-widget elementor-widget-image-gallery\" data-id=\"b34da6e\" data-element_type=\"widget\" data-widget_type=\"image-gallery.default\">\n\t\t\t\t<div class=\"elementor-widget-container\">\n\t\t\t<style>\/*! elementor - v3.21.0 - 26-05-2024 *\/\n.elementor-image-gallery .gallery-item{display:inline-block;text-align:center;vertical-align:top;width:100%;max-width:100%;margin:0 auto}.elementor-image-gallery .gallery-item img{margin:0 auto}.elementor-image-gallery .gallery-item .gallery-caption{margin:0}.elementor-image-gallery figure img{display:block}.elementor-image-gallery figure figcaption{width:100%}.gallery-spacing-custom .elementor-image-gallery .gallery-icon{padding:0}@media (min-width:768px){.elementor-image-gallery .gallery-columns-2 .gallery-item{max-width:50%}.elementor-image-gallery .gallery-columns-3 .gallery-item{max-width:33.33%}.elementor-image-gallery .gallery-columns-4 .gallery-item{max-width:25%}.elementor-image-gallery .gallery-columns-5 .gallery-item{max-width:20%}.elementor-image-gallery .gallery-columns-6 .gallery-item{max-width:16.666%}.elementor-image-gallery .gallery-columns-7 .gallery-item{max-width:14.28%}.elementor-image-gallery .gallery-columns-8 .gallery-item{max-width:12.5%}.elementor-image-gallery .gallery-columns-9 .gallery-item{max-width:11.11%}.elementor-image-gallery .gallery-columns-10 .gallery-item{max-width:10%}}@media (min-width:480px) and (max-width:767px){.elementor-image-gallery .gallery.gallery-columns-2 .gallery-item,.elementor-image-gallery .gallery.gallery-columns-3 .gallery-item,.elementor-image-gallery .gallery.gallery-columns-4 .gallery-item,.elementor-image-gallery .gallery.gallery-columns-5 .gallery-item,.elementor-image-gallery .gallery.gallery-columns-6 .gallery-item,.elementor-image-gallery .gallery.gallery-columns-7 .gallery-item,.elementor-image-gallery .gallery.gallery-columns-8 .gallery-item,.elementor-image-gallery .gallery.gallery-columns-9 .gallery-item,.elementor-image-gallery .gallery.gallery-columns-10 .gallery-item{max-width:50%}}@media (max-width:479px){.elementor-image-gallery .gallery.gallery-columns-2 .gallery-item,.elementor-image-gallery .gallery.gallery-columns-3 .gallery-item,.elementor-image-gallery .gallery.gallery-columns-4 .gallery-item,.elementor-image-gallery .gallery.gallery-columns-5 .gallery-item,.elementor-image-gallery .gallery.gallery-columns-6 .gallery-item,.elementor-image-gallery .gallery.gallery-columns-7 .gallery-item,.elementor-image-gallery .gallery.gallery-columns-8 .gallery-item,.elementor-image-gallery .gallery.gallery-columns-9 .gallery-item,.elementor-image-gallery .gallery.gallery-columns-10 .gallery-item{max-width:100%}}<\/style>\t\t<div class=\"elementor-image-gallery\">\n\t\t\t<div id='gallery-1' class='gallery galleryid-16 gallery-columns-4 gallery-size-woocommerce_thumbnail'><figure class='gallery-item'>\n\t\t\t<div class='gallery-icon portrait'>\n\t\t\t\t<a data-elementor-open-lightbox=\"yes\" data-elementor-lightbox-slideshow=\"b34da6e\" data-elementor-lightbox-title=\"Gr\u00e5 og hvit Main Coon katt\" data-e-action-hash=\"#elementor-action%3Aaction%3Dlightbox%26settings%3DeyJpZCI6MTQxLCJ1cmwiOiJodHRwczpcL1wvdWhyZWludi5ub1wvd3AtY29udGVudFwvdXBsb2Fkc1wvMjAyNFwvMDNcL0lNR18yNDg5LWN1dC5qcGciLCJzbGlkZXNob3ciOiJiMzRkYTZlIn0%3D\" href='https:\/\/uhreinv.no\/wp-content\/uploads\/2024\/03\/IMG_2489-cut.jpg'><img decoding=\"async\" width=\"300\" height=\"300\" src=\"https:\/\/uhreinv.no\/wp-content\/uploads\/2024\/03\/IMG_2489-cut-300x300.jpg\" class=\"attachment-woocommerce_thumbnail size-woocommerce_thumbnail\" alt=\"Gr\u00e5 og hvit Main Coon katt\" srcset=\"https:\/\/uhreinv.no\/wp-content\/uploads\/2024\/03\/IMG_2489-cut-300x300.jpg 300w, https:\/\/uhreinv.no\/wp-content\/uploads\/2024\/03\/IMG_2489-cut-100x100.jpg 100w, https:\/\/uhreinv.no\/wp-content\/uploads\/2024\/03\/IMG_2489-cut-150x150.jpg 150w\" sizes=\"(max-width: 300px) 100vw, 300px\" \/><\/a>\n\t\t\t<\/div><\/figure><figure class='gallery-item'>\n\t\t\t<div class='gallery-icon portrait'>\n\t\t\t\t<a data-elementor-open-lightbox=\"yes\" data-elementor-lightbox-slideshow=\"b34da6e\" data-elementor-lightbox-title=\"Hodet til en Main Coon katt\" data-e-action-hash=\"#elementor-action%3Aaction%3Dlightbox%26settings%3DeyJpZCI6MTMxLCJ1cmwiOiJodHRwczpcL1wvdWhyZWludi5ub1wvd3AtY29udGVudFwvdXBsb2Fkc1wvMjAyNFwvMDNcL0lNR183MjUwLmpwZyIsInNsaWRlc2hvdyI6ImIzNGRhNmUifQ%3D%3D\" href='https:\/\/uhreinv.no\/wp-content\/uploads\/2024\/03\/IMG_7250.jpg'><img decoding=\"async\" width=\"300\" height=\"300\" src=\"https:\/\/uhreinv.no\/wp-content\/uploads\/2024\/03\/IMG_7250-300x300.jpg\" class=\"attachment-woocommerce_thumbnail size-woocommerce_thumbnail\" alt=\"Hodet til en Main Coon katt\" srcset=\"https:\/\/uhreinv.no\/wp-content\/uploads\/2024\/03\/IMG_7250-300x300.jpg 300w, https:\/\/uhreinv.no\/wp-content\/uploads\/2024\/03\/IMG_7250-100x100.jpg 100w, https:\/\/uhreinv.no\/wp-content\/uploads\/2024\/03\/IMG_7250-150x150.jpg 150w\" sizes=\"(max-width: 300px) 100vw, 300px\" \/><\/a>\n\t\t\t<\/div><\/figure><figure class='gallery-item'>\n\t\t\t<div class='gallery-icon portrait'>\n\t\t\t\t<a data-elementor-open-lightbox=\"yes\" data-elementor-lightbox-slideshow=\"b34da6e\" data-elementor-lightbox-title=\"En Main coon katt liggende p\u00e5 et r\u00f8dt teppe\" data-e-action-hash=\"#elementor-action%3Aaction%3Dlightbox%26settings%3DeyJpZCI6MTMwLCJ1cmwiOiJodHRwczpcL1wvdWhyZWludi5ub1wvd3AtY29udGVudFwvdXBsb2Fkc1wvMjAyNFwvMDNcL0lNR180OTg5LmpwZyIsInNsaWRlc2hvdyI6ImIzNGRhNmUifQ%3D%3D\" href='https:\/\/uhreinv.no\/wp-content\/uploads\/2024\/03\/IMG_4989.jpg'><img loading=\"lazy\" decoding=\"async\" width=\"300\" height=\"300\" src=\"https:\/\/uhreinv.no\/wp-content\/uploads\/2024\/03\/IMG_4989-300x300.jpg\" class=\"attachment-woocommerce_thumbnail size-woocommerce_thumbnail\" alt=\"En Main coon katt liggende p\u00e5 et r\u00f8dt teppe\" srcset=\"https:\/\/uhreinv.no\/wp-content\/uploads\/2024\/03\/IMG_4989-300x300.jpg 300w, https:\/\/uhreinv.no\/wp-content\/uploads\/2024\/03\/IMG_4989-100x100.jpg 100w, https:\/\/uhreinv.no\/wp-content\/uploads\/2024\/03\/IMG_4989-150x150.jpg 150w\" sizes=\"(max-width: 300px) 100vw, 300px\" \/><\/a>\n\t\t\t<\/div><\/figure><figure class='gallery-item'>\n\t\t\t<div class='gallery-icon portrait'>\n\t\t\t\t<a data-elementor-open-lightbox=\"yes\" data-elementor-lightbox-slideshow=\"b34da6e\" data-elementor-lightbox-title=\"Main Coon katt liggende p\u00e5 et sofa armlene\" data-e-action-hash=\"#elementor-action%3Aaction%3Dlightbox%26settings%3DeyJpZCI6MTI5LCJ1cmwiOiJodHRwczpcL1wvdWhyZWludi5ub1wvd3AtY29udGVudFwvdXBsb2Fkc1wvMjAyNFwvMDNcL0lNR18yNDg5LmpwZyIsInNsaWRlc2hvdyI6ImIzNGRhNmUifQ%3D%3D\" href='https:\/\/uhreinv.no\/wp-content\/uploads\/2024\/03\/IMG_2489.jpg'><img loading=\"lazy\" decoding=\"async\" width=\"300\" height=\"300\" src=\"https:\/\/uhreinv.no\/wp-content\/uploads\/2024\/03\/IMG_2489-300x300.jpg\" class=\"attachment-woocommerce_thumbnail size-woocommerce_thumbnail\" alt=\"Main Coon katt liggende p\u00e5 et sofa armlene\" srcset=\"https:\/\/uhreinv.no\/wp-content\/uploads\/2024\/03\/IMG_2489-300x300.jpg 300w, https:\/\/uhreinv.no\/wp-content\/uploads\/2024\/03\/IMG_2489-100x100.jpg 100w, https:\/\/uhreinv.no\/wp-content\/uploads\/2024\/03\/IMG_2489-150x150.jpg 150w\" sizes=\"(max-width: 300px) 100vw, 300px\" \/><\/a>\n\t\t\t<\/div><\/figure><figure class='gallery-item'>\n\t\t\t<div class='gallery-icon portrait'>\n\t\t\t\t<a data-elementor-open-lightbox=\"yes\" data-elementor-lightbox-slideshow=\"b34da6e\" data-elementor-lightbox-title=\"IMG_2410\" data-e-action-hash=\"#elementor-action%3Aaction%3Dlightbox%26settings%3DeyJpZCI6MTI4LCJ1cmwiOiJodHRwczpcL1wvdWhyZWludi5ub1wvd3AtY29udGVudFwvdXBsb2Fkc1wvMjAyNFwvMDNcL0lNR18yNDEwLmpwZyIsInNsaWRlc2hvdyI6ImIzNGRhNmUifQ%3D%3D\" href='https:\/\/uhreinv.no\/wp-content\/uploads\/2024\/03\/IMG_2410.jpg'><img loading=\"lazy\" decoding=\"async\" width=\"300\" height=\"300\" src=\"https:\/\/uhreinv.no\/wp-content\/uploads\/2024\/03\/IMG_2410-300x300.jpg\" class=\"attachment-woocommerce_thumbnail size-woocommerce_thumbnail\" alt=\"Main Coon katt\" srcset=\"https:\/\/uhreinv.no\/wp-content\/uploads\/2024\/03\/IMG_2410-300x300.jpg 300w, https:\/\/uhreinv.no\/wp-content\/uploads\/2024\/03\/IMG_2410-100x100.jpg 100w, https:\/\/uhreinv.no\/wp-content\/uploads\/2024\/03\/IMG_2410-150x150.jpg 150w\" sizes=\"(max-width: 300px) 100vw, 300px\" \/><\/a>\n\t\t\t<\/div><\/figure><figure class='gallery-item'>\n\t\t\t<div class='gallery-icon portrait'>\n\t\t\t\t<a data-elementor-open-lightbox=\"yes\" data-elementor-lightbox-slideshow=\"b34da6e\" data-elementor-lightbox-title=\"To Main Coon katter, en hvit og en brungr\u00e5\" data-e-action-hash=\"#elementor-action%3Aaction%3Dlightbox%26settings%3DeyJpZCI6MTI3LCJ1cmwiOiJodHRwczpcL1wvdWhyZWludi5ub1wvd3AtY29udGVudFwvdXBsb2Fkc1wvMjAyNFwvMDNcL0lNR18yNDA5LmpwZyIsInNsaWRlc2hvdyI6ImIzNGRhNmUifQ%3D%3D\" href='https:\/\/uhreinv.no\/wp-content\/uploads\/2024\/03\/IMG_2409.jpg'><img loading=\"lazy\" decoding=\"async\" width=\"300\" height=\"300\" src=\"https:\/\/uhreinv.no\/wp-content\/uploads\/2024\/03\/IMG_2409-300x300.jpg\" class=\"attachment-woocommerce_thumbnail size-woocommerce_thumbnail\" alt=\"To Main Coon katter, en hvit og en brungr\u00e5\" srcset=\"https:\/\/uhreinv.no\/wp-content\/uploads\/2024\/03\/IMG_2409-300x300.jpg 300w, https:\/\/uhreinv.no\/wp-content\/uploads\/2024\/03\/IMG_2409-100x100.jpg 100w, https:\/\/uhreinv.no\/wp-content\/uploads\/2024\/03\/IMG_2409-150x150.jpg 150w\" sizes=\"(max-width: 300px) 100vw, 300px\" \/><\/a>\n\t\t\t<\/div><\/figure>\n\t\t<\/div>\n\t\t<\/div>\n\t\t\t\t<\/div>\n\t\t\t\t<\/div>\n\t\t\t\t<\/div>\n\t\t<div class=\"elementor-element elementor-element-2e08243 e-con-full e-flex e-con e-child\" data-id=\"2e08243\" data-element_type=\"container\">\n\t\t\t\t<div class=\"elementor-element elementor-element-fd5e110 elementor-widget elementor-widget-heading\" data-id=\"fd5e110\" data-element_type=\"widget\" data-widget_type=\"heading.default\">\n\t\t\t\t<div class=\"elementor-widget-container\">\n\t\t\t<h3 class=\"elementor-heading-title elementor-size-default\">Maine coon<\/h3>\t\t<\/div>\n\t\t\t\t<\/div>\n\t\t\t\t<div class=\"elementor-element elementor-element-454c766 elementor-widget elementor-widget-text-editor\" data-id=\"454c766\" data-element_type=\"widget\" data-widget_type=\"text-editor.default\">\n\t\t\t\t<div class=\"elementor-widget-container\">\n\t\t\t\t\t\t\t<p>Maine Coon er en rasekatt med amerikansk opprinnelse. Dette er verdens st\u00f8rste tamkattrase. Maine Coon regnes som den f\u00f8rste katterasen fra Amerika. Man vet ikke sikkert hvordan rasen oppstod, men det finnes flere myter omkring det. En av de vanligste er fra Maine og g\u00e5r ut p\u00e5 at katten oppstod ved krysning mellom katt og vaskebj\u00f8rn (raccoon p\u00e5 engelsk, derav navnet), noe vi n\u00e5 vet er genetisk umulig.<\/p><p>Sannsynligvis oppstod katten gjennom naturlige krysninger mellom angorakatter som sj\u00f8menn tok med seg til Maines havner, og engelske katter som nybyggerne tok med seg p\u00e5 1600-tallet, skandinaviske eller russiske katter samt korth\u00e5rede amerikanske katter.<\/p><p>Det verserer ogs\u00e5 en historie om at vikingene tok norske skogkatter med seg til Amerika og blandet dem med store amerikanske katter, en historie vi nordmenn liker \u00e5 forholde oss til.<\/p><p>Maine Coon katten er ganske enkelt et bevis p\u00e5, at den som er sterkest og smartest overlever. Maine Coon katten er en arbeidskatt som er rustet til \u00e5 klare seg selv i barske omgivelser. Den er stor og kraftig. Tidligere hadde mange av kattene en ekstra t\u00e5, polydaktyle. De blir ofte kalt \u201dgaupekatten\u201d p\u00e5 grunn av de flotte tufsene p\u00e5 \u00f8rene. Katten kommer opprinnelig fra staten Maine i USA.<\/p><p>Vil du ha en Maine Coon katt m\u00e5 du v\u00e6re klar over at den vil v\u00e6re med p\u00e5 ALT du gj\u00f8r og ALT som skjer. De likner mye p\u00e5 hunder i sin adferd. De elsker menneskekontakt og de trives godt innend\u00f8rs. De g\u00e5r godt overens med andre katteraser, hunder, kaniner og andre kj\u00e6ledyr.<\/p><p>F\u00f8r den drikker vann skraper den p\u00e5 gulvet, eller sl\u00e5r med poten i vannsk\u00e5la. Denne adferden mener man er et instinkt fra da kattene bodde i det kalde Nord Amerika. Der m\u00e5tte de krafse bort sn\u00f8en og sl\u00e5 hull p\u00e5 isen f\u00f8r de kunne drikke vann eller fange fisk. Maine Coon katten har et fantastisk temperament. Den er helt spesiell i sin adferd. Den er frekk og kan til tider v\u00e6re direkte ufin.<\/p><p>Det er en stor katterase. En hann veier normalt mellom 6-8 kg og hunnene veier 4-7 kg. Det er forskjell p\u00e5 sommer- og vinterpels. Det kan ogs\u00e5 v\u00e6re forskjell p\u00e5 pelskvaliteten p\u00e5 ute- og innekatter. Utekattene f\u00e5r en kraftigere og fetere pels. (Fettet i pelsen f\u00e5r vannet til \u00e5 prelle av!) Pelsen er ofte lang (semi-langh\u00e5r) men det blir allikevel sjelden floker i pelsen. Gjennomb\u00f8rsting av pelsen med jevne mellomrom er uansett alltid lurt, spesielt i r\u00f8yteperiodene. Da slipper du s\u00e5 mye l\u00f8sh\u00e5r inne.<\/p>\t\t\t\t\t\t<\/div>\n\t\t\t\t<\/div>\n\t\t\t\t<\/div>\n\t\t\t\t<\/div>\n\t\t\t\t<\/div>","protected":false},"excerpt":{"rendered":"<p>NO*Arctic Dreamcat er et lite Maine Coon oppdrett som holder til i Vester\u00e5len, Nordland. Oppdrettet ble startet med  helse og gemytt som hovedfokus.<\/p>","protected":false},"author":1,"featured_media":0,"parent":0,"menu_order":0,"comment_status":"closed","ping_status":"closed","template":"","meta":{"_acf_changed":false,"om_disable_all_campaigns":false,"_monsterinsights_skip_tracking":false,"_monsterinsights_sitenote_active":false,"_monsterinsights_sitenote_note":"","_monsterinsights_sitenote_category":0,"footnotes":""},"class_list":["post-16","page","type-page","status-publish","hentry"],"acf":[],"aioseo_notices":[],"_links":{"self":[{"href":"https:\/\/uhreinv.no\/en\/wp-json\/wp\/v2\/pages\/16","targetHints":{"allow":["GET"]}}],"collection":[{"href":"https:\/\/uhreinv.no\/en\/wp-json\/wp\/v2\/pages"}],"about":[{"href":"https:\/\/uhreinv.no\/en\/wp-json\/wp\/v2\/types\/page"}],"author":[{"embeddable":true,"href":"https:\/\/uhreinv.no\/en\/wp-json\/wp\/v2\/users\/1"}],"replies":[{"embeddable":true,"href":"https:\/\/uhreinv.no\/en\/wp-json\/wp\/v2\/comments?post=16"}],"version-history":[{"count":54,"href":"https:\/\/uhreinv.no\/en\/wp-json\/wp\/v2\/pages\/16\/revisions"}],"predecessor-version":[{"id":1771,"href":"https:\/\/uhreinv.no\/en\/wp-json\/wp\/v2\/pages\/16\/revisions\/1771"}],"wp:attachment":[{"href":"https:\/\/uhreinv.no\/en\/wp-json\/wp\/v2\/media?parent=16"}],"curies":[{"name":"wp","href":"https:\/\/api.w.org\/{rel}","templated":true}]}}